{"id":10,"date":"2008-01-03T13:05:34","date_gmt":"2008-01-03T12:05:34","guid":{"rendered":"http:\/\/www.peterostermeyer.com\/info\/"},"modified":"2015-01-17T17:19:03","modified_gmt":"2015-01-17T16:19:03","slug":"info","status":"publish","type":"page","link":"http:\/\/www.peterostermeyer.com\/cms\/","title":{"rendered":"Info"},"content":{"rendered":"<p> \t<a href=\"http:\/\/www.peterostermeyer.com\/cms\/wp-content\/uploads\/2008\/01\/infobild.jpg\"><img loading=\"lazy\" class=\"alignnone size-full wp-image-82\" alt=\"infobild\" src=\"http:\/\/www.peterostermeyer.com\/cms\/wp-content\/uploads\/2008\/01\/infobild.jpg\" width=\"500\" height=\"376\" srcset=\"http:\/\/www.peterostermeyer.com\/cms\/wp-content\/uploads\/2008\/01\/infobild.jpg 500w, http:\/\/www.peterostermeyer.com\/cms\/wp-content\/uploads\/2008\/01\/infobild-300x225.jpg 300w\" sizes=\"(max-width: 500px) 100vw, 500px\" \/><\/a><\/p>\n<p>&nbsp;<\/p>\n<p>\u00dcber die Arbeiten des K\u00fcnstlers Peter Ostermeyer<\/p>\n<p>\u00c4sthetik des Zerfalls<\/p>\n<p>Es ist der Blick f\u00fcr das vermeintlich banale, der Peter Ostermeyers Bilder so au\u00dfergew\u00f6hnlich macht, seine Vorliebe f\u00fcr Zerfall und Aufl\u00f6sung und sein ganz besonderes Verh\u00e4ltnis zur Natur. Die einzigartige \u00c4sthetik des in Frankfurt am Main arbeitenden K\u00fcnstlers gewinnt mit jeder Phase seiner k\u00fcnstlerischen Arbeit an Dynamik und Tiefe.<\/p>\n<p>Und so staunen wir \u00fcber die bizarre Verlorenheit von Schmetterlingen und Insekten, entdecken verbl\u00fcfft, wie konstruktiv die Demontage sein kann und lassen uns entf\u00fchren in fremde Welten, in denen sich Gedanken und Muster zu skurrilen Gebilden verbinden. Wer sich auf die Bilder von Peter Ostermeyer einl\u00e4sst, tritt in einen Dialog mit der Ver\u00e4nderung, und findet sich nicht selten Auge in Auge mit phantastischen Wesen aus Meer und Sand.<\/p>\n<p>Nach wie vor der Struktur des Verg\u00e4nglichen auf der Spur hat der K\u00fcnstler eigene Wege der Komposition entwickelt. Bevor zun\u00e4chst Skizzen und sp\u00e4ter die eigentlichen Bilder entstehen, diszipliniert er seinen Blick mit Hilfe der Kamera. Dieser erste Schritt l\u00e4sst ihn neue Formen und Perspektiven entdecken und zwingt ihn zur Konzentration auf das Besondere. Das Ergebnis sind ungew\u00f6hnliche Bilder voller Spannung und Dramatik, die durch ihre Lebendigkeit \u00fcberzeugen, obwohl \u2013 oder gerade weil \u2013 sie doch so h\u00e4ufig Lebloses zeigen.<\/p>\n<p>Anette M. Quentel<\/p>\n<p>&nbsp;<\/p>\n<p>\u201e&#8230; Die Liebe zur Kunst , die Liebe zur Familie, das Herz am rechten Fleck, der Durst am Leben und noch ein paar andere Dinge. All das ist ein gro\u00dfartiges Rezept, um gut \u00fcber die Runden zu kommen. Peter Ostermeyers Werk strahlt das aus.<br \/>\nEs stapelt sich regelrecht an diesem sch\u00f6nen Ort, ordnet sich akkurat in Schubladen, Ordnern und an allen m\u00f6glichen anderen Orten in seinem Haus&#8230;&#8230;&#8230;&#8230;..<br \/>\nBilder wie reife Trauben&#8230;.\u201c<\/p>\n<p>&#8211; Florian Heinke, Text aus dem Katalog \u201eStrandgut und Anderes\u201c<\/p>\n","protected":false},"excerpt":{"rendered":"<p> \t&nbsp; \u00dcber die Arbeiten des K\u00fcnstlers Peter Ostermeyer \u00c4sthetik des Zerfalls Es ist der Blick f\u00fcr das vermeintlich banale, der Peter Ostermeyers Bilder so au\u00dfergew\u00f6hnlich macht, seine Vorliebe f\u00fcr Zerfall und Aufl\u00f6sung und sein ganz besonderes Verh\u00e4ltnis zur Natur. Die einzigartige \u00c4sthetik des in Frankfurt am Main arbeitenden K\u00fcnstlers gewinnt mit jeder Phase seiner k\u00fcnstlerischen [&hellip;]<\/p>\n","protected":false},"author":2,"featured_media":0,"parent":0,"menu_order":5,"comment_status":"closed","ping_status":"closed","template":"page-info.php","meta":[],"_links":{"self":[{"href":"http:\/\/www.peterostermeyer.com\/cms\/wp-json\/wp\/v2\/pages\/10"}],"collection":[{"href":"http:\/\/www.peterostermeyer.com\/cms\/wp-json\/wp\/v2\/pages"}],"about":[{"href":"http:\/\/www.peterostermeyer.com\/cms\/wp-json\/wp\/v2\/types\/page"}],"author":[{"embeddable":true,"href":"http:\/\/www.peterostermeyer.com\/cms\/wp-json\/wp\/v2\/users\/2"}],"replies":[{"embeddable":true,"href":"http:\/\/www.peterostermeyer.com\/cms\/wp-json\/wp\/v2\/comments?post=10"}],"version-history":[{"count":5,"href":"http:\/\/www.peterostermeyer.com\/cms\/wp-json\/wp\/v2\/pages\/10\/revisions"}],"predecessor-version":[{"id":83,"href":"http:\/\/www.peterostermeyer.com\/cms\/wp-json\/wp\/v2\/pages\/10\/revisions\/83"}],"wp:attachment":[{"href":"http:\/\/www.peterostermeyer.com\/cms\/wp-json\/wp\/v2\/media?parent=10"}],"curies":[{"name":"wp","href":"https:\/\/api.w.org\/{rel}","templated":true}]}}