{"id":5,"date":"2008-01-02T13:35:57","date_gmt":"2008-01-02T12:35:57","guid":{"rendered":"http:\/\/www.peterostermeyer.com\/kontakt\/"},"modified":"2008-01-12T22:13:15","modified_gmt":"2008-01-12T21:13:15","slug":"kontakt","status":"publish","type":"page","link":"http:\/\/www.peterostermeyer.com\/cms\/kontakt\/","title":{"rendered":"Kontakt"},"content":{"rendered":"<p> \tAtelier Peter Ostermeyer<br \/>\nWielandstrasse 42<br \/>\nD-60318 Frankfurt am Main<br \/>\nTel: ++49 69 556579<br \/>\n<a href=\"mailto:P.Ostermeyer@gmx.de\">P.Ostermeyer@gmx.de<\/a><\/p>\n<p>Internet: www.peterostermeyer.com<br \/>\nHaftungshinweis: Trotz sorgf\u00e4ltiger inhaltlicher Kontrolle \u00fcbernehmen wir keine Haftung f\u00fcr die Inhalte externer Links. F\u00fcr den Inhalt der verlinkten Seiten sind ausschlie\u00dflich deren Betreiber verantwortlich.<\/p>\n","protected":false},"excerpt":{"rendered":"<p> \tAtelier Peter Ostermeyer Wielandstrasse 42 D-60318 Frankfurt am Main Tel: ++49 69 556579 P.Ostermeyer@gmx.de Internet: www.peterostermeyer.com Haftungshinweis: Trotz sorgf\u00e4ltiger inhaltlicher Kontrolle \u00fcbernehmen wir keine Haftung f\u00fcr die Inhalte externer Links. F\u00fcr den Inhalt der verlinkten Seiten sind ausschlie\u00dflich deren Betreiber verantwortlich.<\/p>\n","protected":false},"author":1,"featured_media":0,"parent":0,"menu_order":100,"comment_status":"closed","ping_status":"closed","template":"","meta":[],"_links":{"self":[{"href":"http:\/\/www.peterostermeyer.com\/cms\/wp-json\/wp\/v2\/pages\/5"}],"collection":[{"href":"http:\/\/www.peterostermeyer.com\/cms\/wp-json\/wp\/v2\/pages"}],"about":[{"href":"http:\/\/www.peterostermeyer.com\/cms\/wp-json\/wp\/v2\/types\/page"}],"author":[{"embeddable":true,"href":"http:\/\/www.peterostermeyer.com\/cms\/wp-json\/wp\/v2\/users\/1"}],"replies":[{"embeddable":true,"href":"http:\/\/www.peterostermeyer.com\/cms\/wp-json\/wp\/v2\/comments?post=5"}],"version-history":[{"count":0,"href":"http:\/\/www.peterostermeyer.com\/cms\/wp-json\/wp\/v2\/pages\/5\/revisions"}],"wp:attachment":[{"href":"http:\/\/www.peterostermeyer.com\/cms\/wp-json\/wp\/v2\/media?parent=5"}],"curies":[{"name":"wp","href":"https:\/\/api.w.org\/{rel}","templated":true}]}}